{"id":992,"date":"2020-08-29T13:29:55","date_gmt":"2020-08-29T12:29:55","guid":{"rendered":"https:\/\/www.marcinwilk.eu\/?page_id=992"},"modified":"2023-02-06T12:35:35","modified_gmt":"2023-02-06T11:35:35","slug":"unms-install-on-centos-linux","status":"publish","type":"page","link":"https:\/\/www.marcinwilk.eu\/pl\/projects\/linux-scripts\/unms-install-on-centos-linux\/","title":{"rendered":"UISP \/ UNMS na EL Linux skrypt instalacji"},"content":{"rendered":"Producent sprz\u0119tu sieciowego Ubiquiti oferuje dla swoich urz\u0105dze\u0144 kilka system\u00f3w zdalnego monitorowania i zarz\u0105dzania. Przygotowanym pod kontem urz\u0105dze\u0144 linii UISP, airMAX, EdgeMAX, airFiber (a tak\u017ce innych) jest UISP znane dawniej pod nazw\u0105 Ubiquiti Network Management System (UNMS).<\/p>\n<p>Przygotowane przez firm\u0119 oprogramowanie przeznaczone jest oficjalnie tylko dla system\u00f3w Linux w dystrybucjach: Ubuntu 16.04.1 LTS (Xenial Xerus) 64-bit, Ubuntu 18.04 LTS (Bionic Beaver) 64-bit, Ubuntu 20.04 LTS (Focal Fossa) 64-bit oraz Debian 11 64-bit. Jako, \u017ce osobi\u015bcie zwyk\u0142em u\u017cywa\u0107 bazuj\u0105cej na w pe\u0142ni profesjonalnej dystrybucji RHEL\/Rocky Linux podj\u0105\u0142em pr\u00f3b\u0119 zainstalowania UISP, jednak\u017ce okaza\u0142o si\u0119, \u017ce nie jest to takie proste.<\/p>\n<p>Dlatego aby u\u0142atwi\u0107 innym zadanie przygotowa\u0142em skrypt, kt\u00f3ry wykonuje odpowiednie kroki w celu zainstalowania i uruchomienia UISP w dystrybucjach RockyLinux 8\/9 Linux lub RHEL 8\/9, tak\u017ce edycje Stream.<\/p>\n<p>Link do skryptu: <a href=\"https:\/\/github.com\/nicrame\/Linux-Scripts\/raw\/master\/uisp-el.sh\" target=\"_blank\" rel=\"noopener noreferrer\">uisp-el.sh<\/a><\/p>\n<p>Instalacja skryptu wymaga pobrania pliku, nadaniu uprawnie\u0144 uruchomienia i startu. Do dzia\u0142ania wymagane s\u0105 uprawnienia root, lub u\u017cytkownik nale\u017c\u0105cy do grupy super-u\u017cytkownik\u00f3w.<\/p>\n<div class=\"su-box su-box-style-default\" id=\"\" style=\"border-color:#000000;border-radius:3px;max-width:none\"><div class=\"su-box-title\" style=\"background-color:#333333;color:#FFFFFF;border-top-left-radius:1px;border-top-right-radius:1px\">Pobranie i uruchomienie:<\/div><div class=\"su-box-content su-u-clearfix su-u-trim\" style=\"border-bottom-left-radius:1px;border-bottom-right-radius:1px\"># curl -fsSL https:\/\/github.com\/nicrame\/Linux-Scripts\/raw\/master\/uisp-el.sh &gt; uisp-el.sh &amp;&amp; chmod +x uisp-el.sh &amp;&amp; .\/uisp-el.sh<\/div><\/div>\n<p>Historia zmian:<br \/>\nv 1.5 &#8211; 06.02.2023<br \/>\nZmieni\u0142em spos\u00f3b konfigurowania \"ulimit\" z plik\u00f3w UISP, do konfiguracji us\u0142ugi docker. Jest to znacznie bardziej eleganckie i lepsze dla aktualizacji UISP.<br \/>\nv 1.4 &#8211; 05.02.2023<br \/>\nZnalaz\u0142em poprawk\u0119 do uruchamiania na dystrybucjach EL9 \/ Stream &#8211; kontener rabbit-mq mia\u0142 zbyt wysoki limit otwartych plik\u00f3w (ulimit -n 1073741816).<br \/>\nPrzywr\u00f3cenie zmiany SELinux na nie wy\u0142\u0105czony.<br \/>\nPrzetestowane na RockyLinux 9, RockyLinux 8 i CentOS Stream 9.<br \/>\nv 1.3 &#8211; 01.02.2023<br \/>\nDodano wsparcie dla EL9<br \/>\nDodanie opcji awaryjnej dla instalatora Debiana, je\u015bli zostanie wykryty ten system operacyjny.<br \/>\nPrzetestowane na RockyLinux 9, RHEL 9 i RockyLinux 8.<br \/>\nU\u017cyto Docker Compose z repo (wi\u0119c teraz b\u0119dzie poprawnie aktualizowany przez dnf update).<br \/>\nv 1.2.1 &#8211; 05.08.2021<br \/>\nWykorzystuje Docker Compose v 1.29.2.<br \/>\nTestowane (i dzia\u0142a) na Rocky Linux 8.4.<br \/>\nv 1.2 &#8211; 02.03.2021<br \/>\nDodano flag\u0119 &#8211;allowerasing do instalacji dockera (rozwi\u0105za\u0142o to problemy na testowym \u015brodowisku). To wy\u0142\u0105czy cockpit!<br \/>\nPoprawki regu\u0142 firewalla.<br \/>\nTestowane na CentOS 8.3 i RHEL 8.3.<br \/>\nv 1.1 &#8211; 29.08.2020<br \/>\nPubliczne wydanie.<br \/>\nAutomatyczna odpowied\u017a Y na pytanie czy instalowa\u0107 na niewspieranej dystrybucji Linuxa.<br \/>\nv 1.0 &#8211; 28.08.2020<br \/>\nPierwsza wersja.\n<input class=\"fooboxshare_post_id\" type=\"hidden\" value=\"992\"\/>","protected":false},"excerpt":{"rendered":"<p>Producent sprz\u0119tu sieciowego Ubiquiti oferuje dla swoich urz\u0105dze\u0144 kilka system\u00f3w zdalnego monitorowania i zarz\u0105dzania. Przygotowanym pod kontem urz\u0105dze\u0144 linii UISP, airMAX, EdgeMAX, airFiber (a tak\u017ce innych) jest UISP znane dawniej pod nazw\u0105 Ubiquiti Network Management System (UNMS). Przygotowane przez firm\u0119 oprogramowanie przeznaczone jest oficjalnie tylko dla system\u00f3w Linux w dystrybucjach: Ubuntu 16.04.1 LTS (Xenial Xerus) &hellip; <a href=\"https:\/\/www.marcinwilk.eu\/pl\/projects\/linux-scripts\/unms-install-on-centos-linux\/\" class=\"more-link\">Czytaj dalej<span class=\"screen-reader-text\"> \u201eUISP \/ UNMS na EL Linux skrypt instalacji\"<\/span><\/a><\/p>\n","protected":false},"author":1,"featured_media":0,"parent":1179,"menu_order":7,"comment_status":"open","ping_status":"closed","template":"","meta":{"footnotes":""},"class_list":["post-992","page","type-page","status-publish","hentry"],"_links":{"self":[{"href":"https:\/\/www.marcinwilk.eu\/pl\/wp-json\/wp\/v2\/pages\/992","targetHints":{"allow":["GET"]}}],"collection":[{"href":"https:\/\/www.marcinwilk.eu\/pl\/wp-json\/wp\/v2\/pages"}],"about":[{"href":"https:\/\/www.marcinwilk.eu\/pl\/wp-json\/wp\/v2\/types\/page"}],"author":[{"embeddable":true,"href":"https:\/\/www.marcinwilk.eu\/pl\/wp-json\/wp\/v2\/users\/1"}],"replies":[{"embeddable":true,"href":"https:\/\/www.marcinwilk.eu\/pl\/wp-json\/wp\/v2\/comments?post=992"}],"version-history":[{"count":0,"href":"https:\/\/www.marcinwilk.eu\/pl\/wp-json\/wp\/v2\/pages\/992\/revisions"}],"up":[{"embeddable":true,"href":"https:\/\/www.marcinwilk.eu\/pl\/wp-json\/wp\/v2\/pages\/1179"}],"wp:attachment":[{"href":"https:\/\/www.marcinwilk.eu\/pl\/wp-json\/wp\/v2\/media?parent=992"}],"curies":[{"name":"wp","href":"https:\/\/api.w.org\/{rel}","templated":true}]}}