{"id":672,"date":"2017-12-08T19:59:22","date_gmt":"2017-12-08T18:59:22","guid":{"rendered":"http:\/\/www.marcinwilk.eu\/?page_id=672"},"modified":"2018-02-05T10:40:23","modified_gmt":"2018-02-05T09:40:23","slug":"pre-configuration","status":"publish","type":"page","link":"https:\/\/www.marcinwilk.eu\/pl\/projects\/hifi-libreelec-kodi\/pre-configuration\/","title":{"rendered":"Konfiguracja wst\u0119pna"},"content":{"rendered":"\u2013 ta strona jest w przygotowaniu \u2013<\/p>\n<p>Uruchomienie us\u0142ug zdalnego sterowania (zarz\u0105dzanie web, sieciowe, ssh, smb).<br \/>\nInstalacja sterowania z poziomu smartphonea (Yatse).<br \/>\nInstalacja dodatk\u00f3w (YouTube, Netflix, Shoutcast, Icecast, Vorbis, FLAC, CRU Lyrics itd.).<br \/>\nDodanie \u017ar\u00f3de\u0142 muzyki, film\u00f3w, zdj\u0119\u0107.<\/p>\n<p>&nbsp;\n<input class=\"fooboxshare_post_id\" type=\"hidden\" value=\"672\"\/>","protected":false},"excerpt":{"rendered":"<p>\u2013 ta strona jest w przygotowaniu \u2013 Uruchomienie us\u0142ug zdalnego sterowania (zarz\u0105dzanie web, sieciowe, ssh, smb). Instalacja sterowania z poziomu smartphonea (Yatse). Instalacja dodatk\u00f3w (YouTube, Netflix, Shoutcast, Icecast, Vorbis, FLAC, CRU Lyrics itd.). Dodanie \u017ar\u00f3de\u0142 muzyki, film\u00f3w, zdj\u0119\u0107. &nbsp;<\/p>\n","protected":false},"author":1,"featured_media":0,"parent":626,"menu_order":2,"comment_status":"open","ping_status":"closed","template":"","meta":{"footnotes":""},"class_list":["post-672","page","type-page","status-publish","hentry"],"_links":{"self":[{"href":"https:\/\/www.marcinwilk.eu\/pl\/wp-json\/wp\/v2\/pages\/672","targetHints":{"allow":["GET"]}}],"collection":[{"href":"https:\/\/www.marcinwilk.eu\/pl\/wp-json\/wp\/v2\/pages"}],"about":[{"href":"https:\/\/www.marcinwilk.eu\/pl\/wp-json\/wp\/v2\/types\/page"}],"author":[{"embeddable":true,"href":"https:\/\/www.marcinwilk.eu\/pl\/wp-json\/wp\/v2\/users\/1"}],"replies":[{"embeddable":true,"href":"https:\/\/www.marcinwilk.eu\/pl\/wp-json\/wp\/v2\/comments?post=672"}],"version-history":[{"count":0,"href":"https:\/\/www.marcinwilk.eu\/pl\/wp-json\/wp\/v2\/pages\/672\/revisions"}],"up":[{"embeddable":true,"href":"https:\/\/www.marcinwilk.eu\/pl\/wp-json\/wp\/v2\/pages\/626"}],"wp:attachment":[{"href":"https:\/\/www.marcinwilk.eu\/pl\/wp-json\/wp\/v2\/media?parent=672"}],"curies":[{"name":"wp","href":"https:\/\/api.w.org\/{rel}","templated":true}]}}