{"id":667,"date":"2017-12-08T19:44:40","date_gmt":"2017-12-08T18:44:40","guid":{"rendered":"http:\/\/www.marcinwilk.eu\/?page_id=667"},"modified":"2018-10-17T11:19:12","modified_gmt":"2018-10-17T10:19:12","slug":"installing-hifi","status":"publish","type":"page","link":"https:\/\/www.marcinwilk.eu\/pl\/projects\/hifi-libreelec-kodi\/installing-hifi\/","title":{"rendered":"Instalacja HiFi"},"content":{"rendered":"Poni\u017csza instrukcja dotyczy Intel NUC, ale powinna dzia\u0142a\u0107 na ka\u017cdym komputerze PC\/laptopie.<\/p>\n<p>Co b\u0119dzie potrzebne:<br \/>\n&#8211; listwa zasilaj\u0105ca z bezpiecznikiem i uziemieniem<br \/>\n&#8211; komputer<br \/>\n&#8211; telewizor<br \/>\n&#8211; pilot sterowania<br \/>\n&#8211; g\u0142o\u015bniki aktywne<br \/>\n&#8211; odtwarzacz CD\/DVD<br \/>\n&#8211; sie\u0107 WiFi w zasi\u0119gu, lub przew\u00f3d LAN z dost\u0119pem do Internetu<br \/>\n&#8211; pusty pendrive USB (pojemno\u015b\u0107 min. 512MB)<br \/>\n&#8211; drugi komputer w celu przygotowania instalatora.<\/p>\n<div class=\"su-tabs su-tabs-style-default su-tabs-mobile-stack\" data-active=\"1\" data-scroll-offset=\"0\" data-anchor-in-url=\"no\"><div class=\"su-tabs-nav\"><span class=\"\" data-url=\"\" data-target=\"blank\" tabindex=\"0\" role=\"button\">1. Pod\u0142\u0105czenie element\u00f3w<\/span><span class=\"\" data-url=\"\" data-target=\"blank\" tabindex=\"0\" role=\"button\">2. Tworzenie instalacyjnego USB<\/span><\/div><div class=\"su-tabs-panes\"><div class=\"su-tabs-pane su-u-clearfix su-u-trim\" data-title=\"1. Pod\u0142\u0105czenie element\u00f3w\">My\u015bl\u0119, \u017ce nie ma sensu opisywa\u0107 samego procesu pod\u0142\u0105czania element\u00f3w.<br \/>\nJe\u017celi interesuj\u0119 kogo\u015b jak wmontowa\u0107 RAM\/SSD\/WIFI do Intel NUC, \u0142atwo znale\u017a\u0107 filmy na sieci, np. ten: <a href=\"https:\/\/www.youtube.com\/watch?v=_-5B7298_Lk\" target=\"_blank\" rel=\"noopener\">https:\/\/www.youtube.com\/watch?v=_-5B7298_Lk<\/a>.<\/p>\n<p>Wa\u017cnym jest moim zdaniem, aby mi\u0119dzy gniazdem zasilaj\u0105cym a urz\u0105dzeniami znajdowa\u0142a si\u0119 listwa zasilaj\u0105ca wyposa\u017cona w lini\u0119 uziemiaj\u0105c\u0105 i bezpiecznik. Dobrze jest si\u0119 upewni\u0107, \u017ce zasilacze urz\u0105dze\u0144 nie przylegaj\u0105 do siebie poniewa\u017c mog\u0105 si\u0119 grza\u0107 podczas dzia\u0142ania.<\/p>\n<p>Warto rozplanowa\u0107 sobie uk\u0142ad element\u00f3w wcze\u015bniej, aby dobra\u0107 przewody odpowiedniej d\u0142ugo\u015bci, oraz przewidzie\u0107 w jaki spos\u00f3b b\u0119dziemy korzystali z urz\u0105dzenia (Intel NUC mo\u017cna np. umie\u015bci\u0107 na tyle TV, je\u017celi ten nie wisi na \u015bcianie).<\/p>\n<p>Zestaw, kt\u00f3rego u\u017cywam posiada monitory aktywne, czyli g\u0142o\u015bniki z wbudowanym w\u0142asnym wzmacniaczem. Mo\u017cesz zastosowa\u0107 inne g\u0142o\u015bniki (np. komputerowe) je\u017celi s\u0105 wyposa\u017cone we w\u0142asne zasilanie. Je\u017celi jednak posiadasz ju\u017c g\u0142o\u015bniki, kt\u00f3re nie posiadaj\u0105 w\u0142asnego wzmacniacza, b\u0119dziesz musia\u0142 albo si\u0119 w takie doposa\u017cy\u0107, albo poszerzy\u0107 sw\u00f3j zestaw o wzmacniacz. <\/div>\n<div class=\"su-tabs-pane su-u-clearfix su-u-trim\" data-title=\"2. Tworzenie instalacyjnego USB\">Do utworzenia instalacyjnego pendrive-a b\u0119dziesz potrzebowa\u0142 komputera z dost\u0119pem do Internetu. Zacznij od przygotowania pendrive-a USB (musi mie\u0107 minimum 512MB). Powinien by\u0107 czysty, a wi\u0119c nie zawiera\u0107 \u017cadnych plik\u00f3w. Je\u017celi jakie\u015b si\u0119 na nim znajduj\u0105, zostan\u0105 usuni\u0119te. Nast\u0119pnie ze strony\u00a0<a href=\"http:\/\/libreelec.tv\/downloads\/\" target=\"_blank\" rel=\"noopener\">http:\/\/libreelec.tv\/downloads\/<\/a> pobierz narz\u0119dzie LibreELEC USB-SD Creator klikaj\u0105c, w Download for Windows (lub dwa pozosta\u0142e linki, je\u017celi u\u017cywasz OS X lub Linuxa). Pod\u0142\u0105cz przygotowany pendrive i uruchom pobran\u0105 aplikacj\u0119. Jej obs\u0142uga jest bardzo prosta, a kolejne kroki s\u0105 zaznaczone cyframi. Co wi\u0119cej, obs\u0142uguje j\u0119zyk polski.<\/p>\n<figure id=\"attachment_747\" aria-describedby=\"caption-attachment-747\" style=\"width: 288px\" class=\"wp-caption aligncenter\"><a href=\"http:\/\/www.marcinwilk.eu\/wp-content\/2017\/12\/libreelec-usb-gui-pl.jpg\" target=\"_blank\" rel=\"noopener\"><img loading=\"lazy\" decoding=\"async\" class=\"wp-image-747 size-medium\" src=\"http:\/\/www.marcinwilk.eu\/wp-content\/2017\/12\/libreelec-usb-gui-pl-288x300.jpg\" alt=\"\" width=\"288\" height=\"300\" srcset=\"https:\/\/www.marcinwilk.eu\/wp-content\/2017\/12\/libreelec-usb-gui-pl-288x300.jpg 288w, https:\/\/www.marcinwilk.eu\/wp-content\/2017\/12\/libreelec-usb-gui-pl.jpg 506w\" sizes=\"auto, (max-width: 288px) 85vw, 288px\" \/><\/a><figcaption id=\"caption-attachment-747\" class=\"wp-caption-text\">LibreELEC USB Tool<\/figcaption><\/figure>\n<p>Kolejne kroki dzia\u0142a\u0144:<br \/>\n1 &#8211; Wersj\u0119 pozostaw bez zmian.<br \/>\n2 &#8211; Naci\u015bnij Pobierz, wy\u015bwietli si\u0119 okno dialogowe, dokonujesz w nim wyboru gdzie zapisa\u0107 pobierany obraz systemu (ma oko\u0142o 230MB). Pojawi si\u0119 informacja ile jeszcze zosta\u0142o do ko\u0144ca pobierania, i automatycznie wype\u0142ni si\u0119 pole z lokalizacja pliku.<br \/>\n3 &#8211; Tutaj powinien by\u0107 wybrany przygotowany wcze\u015bniej pendrive.<br \/>\n4 &#8211; Kiedy pobieranie pliku dobiegnie ko\u0144ca naci\u015bnij Zapisz. Program przygotuje pliki.<\/p>\n<p>Po zako\u0144czeniu tego procesu zamknij program, i bezpiecznie wyci\u0105gnij pendrive z USB (przy pomocy prawego przycisku myszy, w wypadku systemu Windows).<\/p>\n<p>Tutaj film (po angielsku) prezentuj\u0105cy proces tworzenia instalatora na USB: <a href=\"https:\/\/youtu.be\/JF-wtjYCrCs?t=16s\" target=\"_blank\" rel=\"noopener\">https:\/\/youtu.be\/JF-wtjYCrCs?t=16s<\/a>. <\/div><\/div><\/div>\n<input class=\"fooboxshare_post_id\" type=\"hidden\" value=\"667\"\/>","protected":false},"excerpt":{"rendered":"<p>Poni\u017csza instrukcja dotyczy Intel NUC, ale powinna dzia\u0142a\u0107 na ka\u017cdym komputerze PC\/laptopie. Co b\u0119dzie potrzebne: &#8211; listwa zasilaj\u0105ca z bezpiecznikiem i uziemieniem &#8211; komputer &#8211; telewizor &#8211; pilot sterowania &#8211; g\u0142o\u015bniki aktywne &#8211; odtwarzacz CD\/DVD &#8211; sie\u0107 WiFi w zasi\u0119gu, lub przew\u00f3d LAN z dost\u0119pem do Internetu &#8211; pusty pendrive USB (pojemno\u015b\u0107 min. 512MB) &#8211; &hellip; <a href=\"https:\/\/www.marcinwilk.eu\/pl\/projects\/hifi-libreelec-kodi\/installing-hifi\/\" class=\"more-link\">Czytaj dalej<span class=\"screen-reader-text\"> \u201eInstalacja HiFi\"<\/span><\/a><\/p>\n","protected":false},"author":1,"featured_media":0,"parent":626,"menu_order":1,"comment_status":"open","ping_status":"closed","template":"","meta":{"footnotes":""},"class_list":["post-667","page","type-page","status-publish","hentry"],"_links":{"self":[{"href":"https:\/\/www.marcinwilk.eu\/pl\/wp-json\/wp\/v2\/pages\/667","targetHints":{"allow":["GET"]}}],"collection":[{"href":"https:\/\/www.marcinwilk.eu\/pl\/wp-json\/wp\/v2\/pages"}],"about":[{"href":"https:\/\/www.marcinwilk.eu\/pl\/wp-json\/wp\/v2\/types\/page"}],"author":[{"embeddable":true,"href":"https:\/\/www.marcinwilk.eu\/pl\/wp-json\/wp\/v2\/users\/1"}],"replies":[{"embeddable":true,"href":"https:\/\/www.marcinwilk.eu\/pl\/wp-json\/wp\/v2\/comments?post=667"}],"version-history":[{"count":0,"href":"https:\/\/www.marcinwilk.eu\/pl\/wp-json\/wp\/v2\/pages\/667\/revisions"}],"up":[{"embeddable":true,"href":"https:\/\/www.marcinwilk.eu\/pl\/wp-json\/wp\/v2\/pages\/626"}],"wp:attachment":[{"href":"https:\/\/www.marcinwilk.eu\/pl\/wp-json\/wp\/v2\/media?parent=667"}],"curies":[{"name":"wp","href":"https:\/\/api.w.org\/{rel}","templated":true}]}}