{"id":626,"date":"2017-12-08T02:25:10","date_gmt":"2017-12-08T01:25:10","guid":{"rendered":"http:\/\/www.marcinwilk.eu\/?page_id=626"},"modified":"2018-10-17T11:16:12","modified_gmt":"2018-10-17T10:16:12","slug":"hifi-libreelec-kodi","status":"publish","type":"page","link":"https:\/\/www.marcinwilk.eu\/pl\/projects\/hifi-libreelec-kodi\/","title":{"rendered":"HiFi LibreELEC\/KODI"},"content":{"rendered":"Jaki\u015b czas temu wpad\u0142em na pomys\u0142 zbudowania sobie zestawu HiFi do ods\u0142uchu medi\u00f3w w wysokiej jako\u015bci. Postawi\u0142em sobie cele:<br \/>\n&#8211; odtwarzanie film\u00f3w z DVD oraz AVI\/MP4<br \/>\n&#8211; wy\u015bwietlanie zdj\u0119\u0107 na TV z format\u00f3w JPG, BMP, PNG<br \/>\n&#8211; odtwarzanie muzyki w formatach cyfrowych MP3\/MP4, WAV, FLAC<br \/>\n&#8211; obs\u0142uga odczytu tre\u015bci z p\u0142yt CD\/DVD oraz USB (pendrive lub dysk)<br \/>\n&#8211; mo\u017cliwo\u015b\u0107 odczytywania tre\u015bci z sieci (protoko\u0142y SMB, FTP i HTTP)<br \/>\n&#8211; ods\u0142uchiwanie radia internetowego<br \/>\n&#8211; obs\u0142uga z pilota na podczerwie\u0144 i smartphone-a.<\/p>\n<p>Da\u0142o by si\u0119 to nawet posk\u0142ada\u0107, ale aby mia\u0142o to sensown\u0105 jako\u015b\u0107 musia\u0142 bym sporo zainwestowa\u0107 i zbudowa\u0107 system audio sk\u0142adaj\u0105cy si\u0119 z minimum 3 sporych rozmiar\u00f3w element\u00f3w (odtwarzacz CD\/DVD, amplituner, odtwarzacz sieciowy). Na pewno by\u0142 by problem z obs\u0142ug\u0105 z poziomu telefonu.<\/p>\n<p>Doszed\u0142em wi\u0119c do wniosku, \u017ce rozwi\u0105\u017ce to w moim stylu. Czyli zbuduj\u0119 zestaw oparty o technologie komputerowe. To czego potrzebowa\u0142em to:<br \/>\n&#8211; ma\u0142y i cichy komputer<br \/>\n&#8211; wysokiej jako\u015bci interfejs audio<br \/>\n&#8211; pilot podczerwieni z modu\u0142em USB, posiadaj\u0105cy funkcj\u0119 wybudzania.<\/p>\n<p>Moje za\u0142o\u017cenia uda\u0142o si\u0119 zrealizowa\u0107. Poni\u017cej tabelka zawieraj\u0105ca zastosowane elementy, wraz z kr\u00f3tkim opisem.<\/p>\n<div class=\"su-tabs su-tabs-style-default su-tabs-mobile-stack su-tabs-vertical\" data-active=\"1\" data-scroll-offset=\"0\" data-anchor-in-url=\"no\"><div class=\"su-tabs-nav\"><span class=\"\" data-url=\"\" data-target=\"blank\" tabindex=\"0\" role=\"button\">LibreELEC\/KODI<\/span><span class=\"\" data-url=\"\" data-target=\"blank\" tabindex=\"0\" role=\"button\">Komputer Intel NUC DC3217IYE<\/span><span class=\"\" data-url=\"\" data-target=\"blank\" tabindex=\"0\" role=\"button\">Interfejs audio E-MU 0404 USB<\/span><span class=\"\" data-url=\"\" data-target=\"blank\" tabindex=\"0\" role=\"button\">Pilot podczerwieni Elmak Maxter Plus<\/span><span class=\"\" data-url=\"\" data-target=\"blank\" tabindex=\"0\" role=\"button\">Odtwarzacz p\u0142yt CD\/DVD<\/span><\/div><div class=\"su-tabs-panes\"><div class=\"su-tabs-pane su-u-clearfix su-u-trim\" data-title=\"LibreELEC\/KODI\">Najwa\u017cniejszym elementem oprogramowania jest system operacyjny. Liczy si\u0119 dla mnie prostota oraz szerokie mo\u017cliwo\u015bci pod spodem. Dlatego m\u00f3j wyb\u00f3r to system <a href=\"https:\/\/libreelec.tv\/\" target=\"_blank\" rel=\"noopener\">LibreELEC<\/a> &#8211; bazuj\u0105cy na j\u0105drze Linux. Jest szybki, wydajny i obs\u0142uguje wi\u0119kszo\u015b\u0107 urz\u0105dze\u0144. Do tego bezpieczny. Dzia\u0142a pod spodem jako baza do dzia\u0142ania.<\/p>\n<figure id=\"attachment_734\" aria-describedby=\"caption-attachment-734\" style=\"width: 415px\" class=\"wp-caption aligncenter\"><a href=\"http:\/\/libreelec.tv\/\" target=\"_blank\" rel=\"noopener\"><img loading=\"lazy\" decoding=\"async\" class=\"wp-image-734 size-full\" src=\"http:\/\/www.marcinwilk.eu\/wp-content\/2017\/12\/libreeleclogo.jpg\" alt=\"\" width=\"415\" height=\"110\" srcset=\"https:\/\/www.marcinwilk.eu\/wp-content\/2017\/12\/libreeleclogo.jpg 415w, https:\/\/www.marcinwilk.eu\/wp-content\/2017\/12\/libreeleclogo-300x80.jpg 300w\" sizes=\"auto, (max-width: 415px) 85vw, 415px\" \/><\/a><figcaption id=\"caption-attachment-734\" class=\"wp-caption-text\">LibreELEC Logo<\/figcaption><\/figure>\n<p>Za interfejs powy\u017cszego i odtwarzanie tre\u015bci odpowiada oprogramowanie <a href=\"https:\/\/kodi.tv\/\" target=\"_blank\" rel=\"noopener\">KODI<\/a> (dawniej XBMC) stanowi\u0105ce centrum multimedialne. To w\u0142a\u015bnie ten element dekoduje materia\u0142y wideo, audio, czy pobiera tre\u015bci z sieci. Posiada mo\u017cliwo\u015bci ci\u0105g\u0142ej rozbudowy dzi\u0119ki wtyczkom i rozszerzeniom.<\/p>\n<p style=\"text-align: center;\">Wyci\u0105g z konfiguracji systemu: <a href=\"http:\/\/www.marcinwilk.eu\/kodi\/system-info.txt\" target=\"_blank\" rel=\"noopener\">info, uname, lspci, lsusb, dmesg<\/a><\/p>\n<figure id=\"attachment_739\" aria-describedby=\"caption-attachment-739\" style=\"width: 314px\" class=\"wp-caption aligncenter\"><a href=\"http:\/\/kodi.tv\" target=\"_blank\" rel=\"noopener\"><img loading=\"lazy\" decoding=\"async\" class=\"wp-image-739 size-full\" src=\"http:\/\/www.marcinwilk.eu\/wp-content\/2017\/12\/Side-by-side-dark-transparent.png\" alt=\"\" width=\"314\" height=\"100\" srcset=\"https:\/\/www.marcinwilk.eu\/wp-content\/2017\/12\/Side-by-side-dark-transparent.png 314w, https:\/\/www.marcinwilk.eu\/wp-content\/2017\/12\/Side-by-side-dark-transparent-300x96.png 300w\" sizes=\"auto, (max-width: 314px) 85vw, 314px\" \/><\/a><figcaption id=\"caption-attachment-739\" class=\"wp-caption-text\">KODI Logo<\/figcaption><\/figure>\n<p><span style=\"color: #ff0000;\">W sierpniu 2018 roku ze wzgl\u0119du na nowe problemy z dzia\u0142aniem wtyczek zmieni\u0142em system operacyjny na Windows 10.<\/span><\/div>\n<div class=\"su-tabs-pane su-u-clearfix su-u-trim\" data-title=\"Komputer Intel NUC DC3217IYE\">Baz\u0119 stanowi komputer minipc &#8211; <a href=\"https:\/\/ark.intel.com\/pl\/products\/71275\/Intel-NUC-Kit-DC3217IYE\" target=\"_blank\" rel=\"noopener\">Intel NUC DC3217IYE<\/a> wyposa\u017cony w 4GB RAM, dysk 64GB <a href=\"http:\/\/www.adata.com\/us\/specification\/181\" target=\"_blank\" rel=\"noopener\">ADATA SX300 SSD<\/a>, kart\u0119 sieci bezprzewodowej z modu\u0142em Bluetooth &#8211; <a href=\"https:\/\/www.broadcom.com\/products\/wireless\/wireless-lan-infrastructure\/bcm43224#overview\" target=\"_blank\" rel=\"noopener\">Broadcom BCM943228HMB<\/a>. Niestety te 3 elementy nie s\u0105 dostarczane z komputerem, i trzeba je zakupi\u0107 oraz zamontowa\u0107 we w\u0142asnym zakresie.<\/p>\n<figure id=\"attachment_627\" aria-describedby=\"caption-attachment-627\" style=\"width: 300px\" class=\"wp-caption aligncenter\"><a href=\"http:\/\/www.marcinwilk.eu\/wp-content\/2017\/12\/IMG_20171115_125919_HDR.jpg\" target=\"_blank\" rel=\"noopener\"><img loading=\"lazy\" decoding=\"async\" class=\"size-medium wp-image-627\" src=\"http:\/\/www.marcinwilk.eu\/wp-content\/2017\/12\/IMG_20171115_125919_HDR-300x225.jpg\" alt=\"\" width=\"300\" height=\"225\" srcset=\"https:\/\/www.marcinwilk.eu\/wp-content\/2017\/12\/IMG_20171115_125919_HDR-300x225.jpg 300w, https:\/\/www.marcinwilk.eu\/wp-content\/2017\/12\/IMG_20171115_125919_HDR-768x576.jpg 768w, https:\/\/www.marcinwilk.eu\/wp-content\/2017\/12\/IMG_20171115_125919_HDR-1024x768.jpg 1024w, https:\/\/www.marcinwilk.eu\/wp-content\/2017\/12\/IMG_20171115_125919_HDR-1200x900.jpg 1200w\" sizes=\"auto, (max-width: 300px) 85vw, 300px\" \/><\/a><figcaption id=\"caption-attachment-627\" class=\"wp-caption-text\">Intel NUC DC3217IYE<\/figcaption><\/figure>\n<p>To male\u0144stwo o rozmiarach zaledwie 11x11x4 cm posiada 2 wyj\u015bcia HDMI umo\u017cliwiaj\u0105ce przesy\u0142anie obrazu i d\u017awi\u0119ku, a tak\u017ce 3 porty USB zewn\u0119trzne (2 wewn\u0119trzne), oraz port sieci LAN.<\/p>\n<p>Posiada wydajny procesor Intel Core i3-3217U dzia\u0142aj\u0105cy z cz\u0119stotliwo\u015bci\u0105 1,8GHz co wystarczy do odtwarzania tre\u015bci nawet w rozdzielczo\u015bci 4K. Jest to jednostka 2 rdzeniowa, z 4 w\u0105tkami obliczeniowymi (po 2 w\u0105tki na ka\u017cdy rdze\u0144). Maksymalny pob\u00f3r mocy tego CPU to 17W.<\/p>\n<p>Domy\u015blnie na komputerze dzia\u0142a\u0142 system Windows 10, jednak\u017ce mi zale\u017ca\u0142o na rozwi\u0105zaniu, kt\u00f3re b\u0119dzie uruchamia\u0142o si\u0119 bardzo szybko, oraz da si\u0119 w 100% obs\u0142ugiwa\u0107 pilotem jak TV czy inne zestawy HiFi. W szczeg\u00f3lno\u015bci w kwestii konfiguracji urz\u0105dzenia i jego opcji.<\/p>\n<p>Dlatego wyb\u00f3r pad\u0142 na <a href=\"https:\/\/libreelec.tv\/\" target=\"_blank\" rel=\"noopener\">LibreELEC<\/a> &#8211; system Linux przystosowany do pracy jako odtwarzacz multimedialny, w oparciu o oprogramowanie <a href=\"https:\/\/kodi.tv\/\" target=\"_blank\" rel=\"noopener\">KODI<\/a> (dawniej XBMC).<\/p>\n<p>Dzi\u0119ki temu ca\u0142o\u015b\u0107 uruchamia si\u0119 w zaledwie 14 sekund (z trybu u\u015bpieni w p\u00f3\u0142 sekundy). Dzia\u0142a bardzo stabilnie, oraz spe\u0142nia wszystkie cele jakie za\u0142o\u017cy\u0142em.<\/p>\n<p>Uda\u0142o si\u0119 uzyska\u0107 du\u017co wi\u0119cej ni\u017c planowa\u0142em, g\u0142\u00f3wne zalety:<br \/>\n&#8211; odtwarzanie muzyki przez g\u0142o\u015bniki\/s\u0142uchawki Bluetooth<br \/>\n&#8211; obs\u0142uga YouTube, Netflix, tysi\u0119cy stacji internetowego radio<br \/>\n&#8211; obs\u0142ug\u0119 tuner\u00f3w TV<br \/>\n&#8211; mo\u017cliwo\u015b\u0107 zgrywania p\u0142yt CD Audio (do format\u00f3w bezstratnych jak WAV czy FLAC lub z kompresj\u0105 MP3\/OGG<br \/>\n&#8211; automatyczne pobieranie tekst\u00f3w odtwarzanych utwor\u00f3w oraz wy\u015bwietlanie informacji o filmach z Internetu<br \/>\n&#8211; odtwarzanie bardzo szerokiej gamy format\u00f3w plik\u00f3w ( <a href=\"http:\/\/kodi.wiki\/view\/Features_and_supported_formats#Format_support\" target=\"_blank\" rel=\"noopener\">http:\/\/kodi.wiki\/view\/Features_and_supported_formats#Format_support<\/a> )<br \/>\n&#8211; ci\u0105g\u0142a mo\u017cliwo\u015b\u0107 poszerzania mo\u017cliwo\u015bci za pomoc\u0105 gotowych wtyczek.<\/div>\n<div class=\"su-tabs-pane su-u-clearfix su-u-trim\" data-title=\"Interfejs audio E-MU 0404 USB\"><a href=\"http:\/\/www.emu.com\/index.php\/product-0404-usb-2-0\" target=\"_blank\" rel=\"noopener\">E-MU 0404 USB<\/a> produkowany przez firm\u0119 Creative (kt\u00f3ra wykupi\u0142a E-MU) to interfejs audio stworzony do ma\u0142ego studia nagraniowego. Najwi\u0119ksz\u0105 zalet\u0105 tego interfejsu (kt\u00f3ry w moim wypadku jest wi\u0119kszy od zastosowanego komputera) s\u0105 bardzo niskie szumy na wyj\u015bciu, oraz bardzo wysoka jako\u015b\u0107 przetwarzania.<\/p>\n<figure id=\"attachment_642\" aria-describedby=\"caption-attachment-642\" style=\"width: 300px\" class=\"wp-caption aligncenter\"><a href=\"http:\/\/www.marcinwilk.eu\/wp-content\/2017\/12\/IMG_20171205_155357_HDR.jpg\" target=\"_blank\" rel=\"noopener\"><img loading=\"lazy\" decoding=\"async\" class=\"wp-image-642 size-medium\" src=\"http:\/\/www.marcinwilk.eu\/wp-content\/2017\/12\/IMG_20171205_155357_HDR-300x225.jpg\" alt=\"\" width=\"300\" height=\"225\" srcset=\"https:\/\/www.marcinwilk.eu\/wp-content\/2017\/12\/IMG_20171205_155357_HDR-300x225.jpg 300w, https:\/\/www.marcinwilk.eu\/wp-content\/2017\/12\/IMG_20171205_155357_HDR-768x576.jpg 768w, https:\/\/www.marcinwilk.eu\/wp-content\/2017\/12\/IMG_20171205_155357_HDR-1024x768.jpg 1024w, https:\/\/www.marcinwilk.eu\/wp-content\/2017\/12\/IMG_20171205_155357_HDR-1200x900.jpg 1200w\" sizes=\"auto, (max-width: 300px) 85vw, 300px\" \/><\/a><figcaption id=\"caption-attachment-642\" class=\"wp-caption-text\">E-MU 0404 USB<\/figcaption><\/figure>\n<p>Interfejs ma ciekawe parametry:<br \/>\n&#8211; posiada dwa wej\u015bcia z wbudowanymi przedwzmacniaczami mikrofonowymi z zasilaniem fantomowym 48V<br \/>\n&#8211; dwa wyj\u015bcia analogowe1\/4\"<br \/>\n&#8211; stereofoniczne wyj\u015bcie dla g\u0142o\u015bnik\u00f3w 1\/8\"<br \/>\n&#8211; praca z parametrami 24bit\/ 192kHz (analogowe)<br \/>\n&#8211; stosunek sygna\u0142u do szumu A\/D &#8211; 112dB, D\/A &#8211; 117dB<br \/>\n&#8211; wej\u015bcie i wyj\u015bcie cyfrowe optyczne z mo\u017cliwo\u015bci\u0105 prze\u0142\u0105czenia na z\u0142\u0105cze AES\/EBU (24bit\/ 96kHz)<br \/>\n&#8211; wej\u015bcie i wyj\u015bcie cyfrowe S\/PDIF z mo\u017cliwo\u015bci\u0105 prze\u0142\u0105czenia na z\u0142\u0105cze AES\/EBU (24bit\/ 96kHz)<br \/>\n&#8211; wej\u015bcie i wyj\u015bcie MIDI<br \/>\n&#8211; stereofoniczne wyj\u015bcie s\u0142uchawkowe<br \/>\n&#8211; funkcja monitoringu bez op\u00f3\u017anie\u0144<br \/>\n&#8211; dzia\u0142anie samodzielne (nie jest potrzebny komputer do dzia\u0142ania).<\/p>\n<p>Po pod\u0142\u0105czeniu do Intel NUC sygna\u0142 audio generowany jest bezpo\u015brednio w interfejsie, co powoduje braki zak\u0142\u00f3ce\u0144 spowodowanych wewn\u0119trznymi elementami samego komputera. Dodatkowym atutem jest zabezpieczenie przed trzaskami podczas w\u0142\u0105czenia\/wy\u0142\u0105czenia urz\u0105dzenia s\u0142yszanych w g\u0142o\u015bnikach. Zestaw ten w zupe\u0142no\u015bci spe\u0142nia moje oczekiwania zar\u00f3wno pod k\u0105tem jako\u015bci, jak i mo\u017cliwo\u015bci\/mnogo\u015bci funkcji i zastosowa\u0144.<\/p>\n<p>Je\u017celi chodzi o samo uruchomienie E-MU 0404 USB w LibreELEC\/KODI to nie by\u0142y wymagane \u017cadne operacje. Po pod\u0142\u0105czeniu do komputera po prostu wystarczy w ustawieniach wybra\u0107 E-MU jako odtwarzacz (mo\u017cna wybra\u0107 wyj\u015bcie cyfrowe, b\u0105d\u017a analogowe). Od tej pory d\u017awi\u0119k generowany jest ju\u017c przez kart\u0119 0404 USB.<\/p>\n<figure id=\"attachment_646\" aria-describedby=\"caption-attachment-646\" style=\"width: 300px\" class=\"wp-caption aligncenter\"><a href=\"http:\/\/www.marcinwilk.eu\/wp-content\/2017\/12\/IMG_20171206_230822_HDR.jpg\" target=\"_blank\" rel=\"noopener\"><img loading=\"lazy\" decoding=\"async\" class=\"wp-image-646 size-medium\" src=\"http:\/\/www.marcinwilk.eu\/wp-content\/2017\/12\/IMG_20171206_230822_HDR-300x225.jpg\" alt=\"\" width=\"300\" height=\"225\" srcset=\"https:\/\/www.marcinwilk.eu\/wp-content\/2017\/12\/IMG_20171206_230822_HDR-300x225.jpg 300w, https:\/\/www.marcinwilk.eu\/wp-content\/2017\/12\/IMG_20171206_230822_HDR-768x576.jpg 768w, https:\/\/www.marcinwilk.eu\/wp-content\/2017\/12\/IMG_20171206_230822_HDR-1024x768.jpg 1024w, https:\/\/www.marcinwilk.eu\/wp-content\/2017\/12\/IMG_20171206_230822_HDR-1200x900.jpg 1200w\" sizes=\"auto, (max-width: 300px) 85vw, 300px\" \/><\/a><figcaption id=\"caption-attachment-646\" class=\"wp-caption-text\">KODI Audio Output E-MU 0404 USB<\/figcaption><\/figure>\n<\/div>\n<div class=\"su-tabs-pane su-u-clearfix su-u-trim\" data-title=\"Pilot podczerwieni Elmak Maxter Plus\"><a href=\"http:\/\/maxter.elmak.pl\/\" target=\"_blank\" rel=\"noopener\">Elmak Maxter Plus<\/a> to produkt polski. Pilot wykonany z dobrych materia\u0142\u00f3w, z du\u017cym oporem kontrolera (strza\u0142ek). Posiada do\u015b\u0107 ciekawe mo\u017cliwo\u015bci jak na pilota:<br \/>\n&#8211; czytnik podczerwieni na USB z funkcj\u0105 wybudzania (mo\u017cna u\u015bpi\u0107 oraz obudzi\u0107 komputer)<br \/>\n&#8211; standardowe sterowanie komputera za pomoc\u0105 przycisk\u00f3w multimedialnych<br \/>\n&#8211; wirtualna myszka (przytrzymuj\u0105c zielony przycisk za pomoc\u0105 strza\u0142ek sterujemy kursorem na ekranie komputera)<br \/>\n&#8211; mo\u017cliwo\u015b\u0107 sterowania TV (za pomoc\u0105 kod\u00f3w wybieramy producenta TV, dzi\u0119ki czemu mamy mo\u017cliwo\u015b\u0107 w\u0142\u0105czenia\/wy\u0142\u0105czenia TV oraz zmiany kana\u0142\u00f3w czy g\u0142o\u015bno\u015bci).<\/p>\n<figure id=\"attachment_650\" aria-describedby=\"caption-attachment-650\" style=\"width: 300px\" class=\"wp-caption aligncenter\"><a href=\"http:\/\/www.marcinwilk.eu\/wp-content\/2017\/12\/maxter-plus.jpg\" target=\"_blank\" rel=\"noopener\"><img loading=\"lazy\" decoding=\"async\" class=\"wp-image-650 size-medium\" src=\"http:\/\/www.marcinwilk.eu\/wp-content\/2017\/12\/maxter-plus-300x168.jpg\" alt=\"\" width=\"300\" height=\"168\" srcset=\"https:\/\/www.marcinwilk.eu\/wp-content\/2017\/12\/maxter-plus-300x168.jpg 300w, https:\/\/www.marcinwilk.eu\/wp-content\/2017\/12\/maxter-plus-768x430.jpg 768w, https:\/\/www.marcinwilk.eu\/wp-content\/2017\/12\/maxter-plus.jpg 900w\" sizes=\"auto, (max-width: 300px) 85vw, 300px\" \/><\/a><figcaption id=\"caption-attachment-650\" class=\"wp-caption-text\">Elmak Maxter Plus remote<\/figcaption><\/figure>\n<p>Pilot dzia\u0142a prawid\u0142owo od momentu pod\u0142\u0105czenia ko\u0144c\u00f3wki do USB.<\/div>\n<div class=\"su-tabs-pane su-u-clearfix su-u-trim\" data-title=\"Odtwarzacz p\u0142yt CD\/DVD\">Do odtwarzania p\u0142yt u\u017cywam do\u015b\u0107 leciwego ju\u017c nap\u0119du LG model GH22NP20. Nap\u0119d odtwarza prawid\u0142owo p\u0142yty CD oraz DVD. Posiada te\u017c mo\u017cliwo\u015b\u0107 ich wypalania. Umieszczony jest w oryginalnej kieszeni zewn\u0119trznej z w\u0142asnym zasilaniem. Dzia\u0142a bez problemu pod\u0142\u0105czany przez USB.<\/p>\n<figure id=\"attachment_654\" aria-describedby=\"caption-attachment-654\" style=\"width: 300px\" class=\"wp-caption aligncenter\"><a href=\"http:\/\/www.marcinwilk.eu\/wp-content\/2017\/12\/IMG_20171208_184054_HDR.jpg\" target=\"_blank\" rel=\"noopener\"><img loading=\"lazy\" decoding=\"async\" class=\"wp-image-654 size-medium\" src=\"http:\/\/www.marcinwilk.eu\/wp-content\/2017\/12\/IMG_20171208_184054_HDR-300x225.jpg\" alt=\"\" width=\"300\" height=\"225\" srcset=\"https:\/\/www.marcinwilk.eu\/wp-content\/2017\/12\/IMG_20171208_184054_HDR-300x225.jpg 300w, https:\/\/www.marcinwilk.eu\/wp-content\/2017\/12\/IMG_20171208_184054_HDR-768x576.jpg 768w, https:\/\/www.marcinwilk.eu\/wp-content\/2017\/12\/IMG_20171208_184054_HDR-1024x768.jpg 1024w, https:\/\/www.marcinwilk.eu\/wp-content\/2017\/12\/IMG_20171208_184054_HDR-1200x900.jpg 1200w\" sizes=\"auto, (max-width: 300px) 85vw, 300px\" \/><\/a><figcaption id=\"caption-attachment-654\" class=\"wp-caption-text\">CD\/DVD<\/figcaption><\/figure>\n<\/div><\/div><\/div>\n<p>Aby u\u0142atwi\u0107 innym zbudowanie podobnego zestawu postanowi\u0142em przygotowa\u0107 kilka tekst\u00f3w opisuj\u0105cych krok po kroku jak post\u0119powa\u0107 (do wyboru w menu po prawej, lub za pomoc\u0105 umieszczonych poni\u017cej link\u00f3w). Oczywi\u015bcie nie uda\u0142o si\u0119 pomin\u0105\u0107 paru problem\u00f3w &#8211; i w zasadzie dla nich powsta\u0142 ten dzia\u0142 na stronie.<\/p>\n<p>1. <a href=\"..\/projects\/hifi-libreelec-kodi\/installing-hifi\/\">Z\u0142o\u017cenie zestawu i instalacja systemu\/oprogramowania<\/a>.<br \/>\n2. <a href=\"..\/projects\/hifi-libreelec-kodi\/pre-configuration\/\">Konfiguracja wst\u0119pna<\/a>.<br \/>\n3. <a href=\"..\/projects\/hifi-libreelec-kodi\/problems\/\">Napotkane problemy i ich rozwi\u0105zanie<\/a>:<br \/>\nProblem ze skalowaniem obrazu na TV (b\u0142\u0105d po stronie TV).<br \/>\nNie dzia\u0142aj\u0105cy Bluetooth &#8211;\u00a0<a href=\"https:\/\/www.broadcom.com\/products\/wireless\/wireless-lan-infrastructure\/bcm43224#overview\" target=\"_blank\" rel=\"noopener\">Broadcom BCM943228HMB<\/a> (b\u0142\u0105d systemu operacyjnego Linux).<br \/>\nBrak sieci WiFi w zasi\u0119gu &#8211; <a href=\"https:\/\/www.broadcom.com\/products\/wireless\/wireless-lan-infrastructure\/bcm43224#overview\" target=\"_blank\" rel=\"noopener\">Broadcom BCM943228HMB<\/a> (b\u0142\u0105d systemu operacyjnego Linux).\n<input class=\"fooboxshare_post_id\" type=\"hidden\" value=\"626\"\/>","protected":false},"excerpt":{"rendered":"<p>Jaki\u015b czas temu wpad\u0142em na pomys\u0142 zbudowania sobie zestawu HiFi do ods\u0142uchu medi\u00f3w w wysokiej jako\u015bci. Postawi\u0142em sobie cele: &#8211; odtwarzanie film\u00f3w z DVD oraz AVI\/MP4 &#8211; wy\u015bwietlanie zdj\u0119\u0107 na TV z format\u00f3w JPG, BMP, PNG &#8211; odtwarzanie muzyki w formatach cyfrowych MP3\/MP4, WAV, FLAC &#8211; obs\u0142uga odczytu tre\u015bci z p\u0142yt CD\/DVD oraz USB (pendrive &hellip; <a href=\"https:\/\/www.marcinwilk.eu\/pl\/projects\/hifi-libreelec-kodi\/\" class=\"more-link\">Czytaj dalej<span class=\"screen-reader-text\"> \u201eHiFi LibreELEC\/KODI\"<\/span><\/a><\/p>\n","protected":false},"author":1,"featured_media":0,"parent":13,"menu_order":0,"comment_status":"open","ping_status":"open","template":"","meta":{"footnotes":""},"class_list":["post-626","page","type-page","status-publish","hentry"],"_links":{"self":[{"href":"https:\/\/www.marcinwilk.eu\/pl\/wp-json\/wp\/v2\/pages\/626","targetHints":{"allow":["GET"]}}],"collection":[{"href":"https:\/\/www.marcinwilk.eu\/pl\/wp-json\/wp\/v2\/pages"}],"about":[{"href":"https:\/\/www.marcinwilk.eu\/pl\/wp-json\/wp\/v2\/types\/page"}],"author":[{"embeddable":true,"href":"https:\/\/www.marcinwilk.eu\/pl\/wp-json\/wp\/v2\/users\/1"}],"replies":[{"embeddable":true,"href":"https:\/\/www.marcinwilk.eu\/pl\/wp-json\/wp\/v2\/comments?post=626"}],"version-history":[{"count":0,"href":"https:\/\/www.marcinwilk.eu\/pl\/wp-json\/wp\/v2\/pages\/626\/revisions"}],"up":[{"embeddable":true,"href":"https:\/\/www.marcinwilk.eu\/pl\/wp-json\/wp\/v2\/pages\/13"}],"wp:attachment":[{"href":"https:\/\/www.marcinwilk.eu\/pl\/wp-json\/wp\/v2\/media?parent=626"}],"curies":[{"name":"wp","href":"https:\/\/api.w.org\/{rel}","templated":true}]}}