{"id":61,"date":"2009-02-20T00:07:57","date_gmt":"2009-02-19T23:07:57","guid":{"rendered":"http:\/\/nicram.sytes.net\/?page_id=61"},"modified":"2018-02-05T12:26:38","modified_gmt":"2018-02-05T11:26:38","slug":"matrox-guru-arena","status":"publish","type":"page","link":"https:\/\/www.marcinwilk.eu\/pl\/projects\/matrox-guru-arena\/","title":{"rendered":"Matrox Guru Arena"},"content":{"rendered":"<p>Matrox Guru Arena to strona o kartach graficznych produkcji Matrox Inc. Wszystko zacz\u0119\u0142o si\u0119 kiedy kupi\u0142em swojego pierwszego Matrox Millennium G400 (model SingleHead z 32MB pami\u0119ci). Wybra\u0142em j\u0105 ze wzgl\u0119du na najlepsza jako\u015b\u0107 obrazu i nowe, ciekawe technologie jak VCQ2 czy Mapped Bump Mapping. Po jakim\u015b czasie stworzy\u0142em swoj\u0105 pierwsz\u0105 stron\u0119 na ten temat. Nazywa\u0142a si\u0119 \"Polska Strona U\u017cytkownik\u00f3w Kart Matrox\". P\u00f3\u017aniej nazw\u0119 zmieni\u0142em na \"Matrox Guru Arena\" dzi\u0119ki sugestii kolegi Filipa Mielniczuk (za co dzi\u0119kuje). Z powodu tego \u017ce Matrox pozostawi\u0142 rynek kart dla graczy\/os\u00f3b prywatnych zaprzesta\u0142em prac nad stron\u0105, a obecnie znajduje si\u0119 ona w fazie powolnej \u015bmierci.<\/p>\n<p>Strona projektu: <a href=\"http:\/\/mga.pl.eu.org\/\" target=\"_blank\">http:\/\/mga.pl.eu.org\/<br \/>\n<\/a>Status projektu: martwy ale dzia\u0142aj\u0105cy.<\/p>\n<p>Historia projektu:<\/p>\n<p><strong>31.07.2001<\/strong> &#8211; Pierwsza wersja strony powsta\u0142a na moim domowym komputerze :)<br \/>\n&#8211; bazowana na \u017ar\u00f3d\u0142ach strony Adriana Kajdy (dzi\u0119ki!). Mia\u0142 on ju\u017c dzia\u0142aj\u0105c\u0105 w internecie stron\u0119 po\u015bwi\u0119con\u0105 3D Studio MAX i innym rzeczom zwi\u0105zanym z animacj\u0105\/modelowaniem 3D &#8211; <a href=\"http:\/\/max3d.pl\/\" target=\"_blank\">http:\/\/max3d.pl\/<\/a>, strona by\u0142a zbudowana na czystym html.<br \/>\n<strong>07.08.2001<\/strong> &#8211; Pierwsze wydanie publiczne strony, u\u017cywaj\u0105ce domeny <a href=\"http:\/\/www.matrox.3d.pl\" target=\"_blank\">www.matrox.3d.pl<\/a>. Hostowane na serwerze <a href=\"http:\/\/helion.pl\/\" target=\"_blank\">http:\/\/helion.pl\/<\/a> , na wykorzystywanym koncie przeznaczonym dla entuzjast\u00f3w grafiki 3D &#8211; 10MB przestrzeni, bez PHP, bez MySQL.<br \/>\n<strong>25.02.2001<\/strong> &#8211; Zaprosi\u0142em wi\u0119cej os\u00f3b do pomocy przy stronie i kilku nowych redaktor\u00f3w przy\u0142\u0105czy\u0142o si\u0119:<br \/>\nFilip \"Felipe\" Mielniczuk (filip@wgn.pl),<br \/>\nPrzemys\u0142aw \"nedved22\" Kalicki (nedved22@poczta.onet.pl),<br \/>\nRoman \"Eran\" Nastory (eran1@wp.pl),<br \/>\nGrzegorz \"Sunchez\" Hajdukiewicz (hajdig@poczta.onet.pl),<br \/>\nPiotr \"Drkuli\" Kulesza (drkuli@post.pl).<br \/>\n&#8230;Dzi\u0119kuje wam koledzy za pomoc :)<br \/>\n<strong>18.08.2001<\/strong> &#8211; 1000 go\u015bc odwiedzi\u0142 nasz\u0105 stron\u0119!<br \/>\n<strong>25.09.2001<\/strong> &#8211; Wydali\u015bmy nowe sterowniki Matrox PowerDesk, kt\u00f3re obs\u0142ugiwa\u0142y nowe i stare modele kart, zanim zrobi\u0142 to Matrox Inc.! By\u0142 to pierwszy wydany sterownik, kt\u00f3ry przeznaczony by\u0142 dla system\u00f3w Windows XP i Windows 9X (v5.71.014 dla XP\/2000 i v6.71.011 dla 9x\/Me),\u00a0 obs\u0142uguj\u0105cy modele Matrox G400\/G400 MAX oraz\u00a0 G450\/G550. Na tamt\u0105 chwil\u0119 nawet producent tego nie zrobi\u0142, wi\u0119c byli\u015bmy wielce zadowoleni \u017ce spo\u0142eczno\u015b\u0107 nie ma ju\u017c problem\u00f3w ze sterownikami dla Windows XP u\u017cywaj\u0105c kart G400. Dzikuje wszystkim osobom, kt\u00f3re pomog\u0142y mi zbudowa\u0107 ten sterownik przed wszystkimi innymi &#8211; nawet samym Matroxem.<br \/>\n<strong>7.10.2001<\/strong> &#8211; Wydalismy \u0142atk\u0119 dodaj\u0105c\u0105 j\u0119zyk polski w aplikacji DivXG400.<\/p>\n<p><strong>10.11.2001<\/strong> &#8211; 10.000 go\u015bci! A to nie wszystko. Wydali\u015bmy pierwsz\u0105 polsk\u0105 wersj\u0119 j\u0119zykowa aplikacji Matrox Technical Support Tweak Utility.<br \/>\n<strong>14.12.2001<\/strong> &#8211; Wydali\u015bmy nowa wersj\u0119 BIOS-\u00f3w dla kart Matrox z oprogramowaniem aktualizuj\u0105cym w j\u0119zyku polskim, oraz z polska dokumentacj\u0105.<br \/>\n<strong>24.12.2001<\/strong> &#8211; Wydalismy jako pierwsi i jedyni, nowe sterowniki Matrox PowerDesk (dla Windows 9X oraz 2K\/XP) z obs\u0142uga j\u0119zyka Polskiego!<br \/>\n<strong>15.02.2002<\/strong> &#8211; Dodano j\u0119zykow\u0105 wersj\u0119 strony &#8211; angielsk\u0105.<br \/>\n<strong>1.06.2002<\/strong> &#8211; Nowy hosting &#8211; <a href=\"http:\/\/opalnet.pl\" target=\"_blank\">opalnet.pl<\/a> (50MB miejsca, PHP i MySQL obs\u0142ugiwane).<br \/>\n<strong>5.07.2002<\/strong> &#8211; Zmiana nazwy na Matrox Guru Arena.<br \/>\n<strong>19.12.2002<\/strong> &#8211; Oko\u0142o 200.000 go\u015bci!<br \/>\n<strong>10.05.2003<\/strong> &#8211; Nowa wersja wizualna strony. Pierwszy raz bazowana na PHP (bez MySQL), wykorzystuj\u0105ca system CMS miniPortal, postawiona na nowym hostingu (gelek.org).<br \/>\n<strong>14.03.2004<\/strong> &#8211; Strona ma nowy hosting ( <a href=\"http:\/\/3rror.com\" target=\"_blank\">3rror.com<\/a> z 100MB przestrzeni, obs\u0142ug\u0105 PHP i baz\u0105 MySQL). To by\u0142a pierwsza wersja PHP u\u017cywaj\u0105ca zaawansowanego panelu administracyjnego. Bazowana na e107 CMS.<br \/>\n<strong>16.02.2006<\/strong> &#8211; Nowa wersja strony na nowym CMS (tym razem Joomla), na nowym hostingu, kt\u00f3rego jestem administratorem &#8211; Bez limit\u00f3w powierzchni dyskowej, PHP i MySQL obs\u0142ugiwane i u\u017cywane.<br \/>\n<strong>20.02.2009<\/strong> &#8211; Ponad 2.000.000 go\u015bci!<\/p>\n<p>Plany na przysz\u0142o\u015b\u0107: Zbudowa\u0107 archiwum ze strony obecnej, zawieraj\u0105ce wszystkie pliki i artyku\u0142y.\n<input class=\"fooboxshare_post_id\" type=\"hidden\" value=\"61\"\/>","protected":false},"excerpt":{"rendered":"<p>Matrox Guru Arena to strona o kartach graficznych produkcji Matrox Inc. Wszystko zacz\u0119\u0142o si\u0119 kiedy kupi\u0142em swojego pierwszego Matrox Millennium G400 (model SingleHead z 32MB pami\u0119ci). Wybra\u0142em j\u0105 ze wzgl\u0119du na najlepsza jako\u015b\u0107 obrazu i nowe, ciekawe technologie jak VCQ2 czy Mapped Bump Mapping. Po jakim\u015b czasie stworzy\u0142em swoj\u0105 pierwsz\u0105 stron\u0119 na ten temat. Nazywa\u0142a &hellip; <a href=\"https:\/\/www.marcinwilk.eu\/pl\/projects\/matrox-guru-arena\/\" class=\"more-link\">Czytaj dalej<span class=\"screen-reader-text\"> \u201eMatrox Guru Arena\"<\/span><\/a><\/p>\n","protected":false},"author":1,"featured_media":0,"parent":13,"menu_order":2,"comment_status":"open","ping_status":"closed","template":"","meta":{"footnotes":""},"class_list":["post-61","page","type-page","status-publish","hentry"],"_links":{"self":[{"href":"https:\/\/www.marcinwilk.eu\/pl\/wp-json\/wp\/v2\/pages\/61","targetHints":{"allow":["GET"]}}],"collection":[{"href":"https:\/\/www.marcinwilk.eu\/pl\/wp-json\/wp\/v2\/pages"}],"about":[{"href":"https:\/\/www.marcinwilk.eu\/pl\/wp-json\/wp\/v2\/types\/page"}],"author":[{"embeddable":true,"href":"https:\/\/www.marcinwilk.eu\/pl\/wp-json\/wp\/v2\/users\/1"}],"replies":[{"embeddable":true,"href":"https:\/\/www.marcinwilk.eu\/pl\/wp-json\/wp\/v2\/comments?post=61"}],"version-history":[{"count":0,"href":"https:\/\/www.marcinwilk.eu\/pl\/wp-json\/wp\/v2\/pages\/61\/revisions"}],"up":[{"embeddable":true,"href":"https:\/\/www.marcinwilk.eu\/pl\/wp-json\/wp\/v2\/pages\/13"}],"wp:attachment":[{"href":"https:\/\/www.marcinwilk.eu\/pl\/wp-json\/wp\/v2\/media?parent=61"}],"curies":[{"name":"wp","href":"https:\/\/api.w.org\/{rel}","templated":true}]}}