{"id":538,"date":"2014-06-07T20:22:58","date_gmt":"2014-06-07T19:22:58","guid":{"rendered":"http:\/\/www.marcinwilk.eu\/?page_id=538"},"modified":"2022-06-20T20:01:24","modified_gmt":"2022-06-20T19:01:24","slug":"scientific-linux-and-centos-kiosk","status":"publish","type":"page","link":"https:\/\/www.marcinwilk.eu\/pl\/projects\/linux-scripts\/scientific-linux-and-centos-kiosk\/","title":{"rendered":"Scientific Linux and CentOS KIOSK generator"},"content":{"rendered":"Generator KIOSK dla system\u00f3w Scientific Linux oraz CentOS (w wersjach 5, 6 i 7).<br \/>\nStworzono na Scientific Linux. Nie by\u0142o tworzone ani testowane na dystrybucjach innych, ni\u017c SL\/CentOS\/EL!<\/p>\n<p>Ten skrypt zainstaluje dodatkowe pakiety i aplikacje, oraz skonfiguruje system operacyjny by dzia\u0142a\u0142 w trybie KIOS po restarcie. Zadzia\u0142a na bazowej, czystej instalacji system\u00f3w oraz tych z zainstalowanym \u015brodowiskiem graficznym.<br \/>\nWykorzystuje GDM, przegl\u0105dark\u0119 Opera, flash, xinit-session. Powoduje rozruch systemu w trybie graficznym, nastepnie automatyczne logowanie u\u017cytkownika \"kiosk\", gdzie uruchomiona zostaje przegl\u0105darka Opera.<\/p>\n<p>Mo\u017cesz skonfigurowa\u0107 kilka parametr\u00f3w wewn\u0105trz skryptu (np. czy flash ma by\u0107 zainstalowany lub nie).<\/p>\n<p>Wersja 1.4 dla architektur i386 i x86_64.<\/p>\n<p>Link do pobrania: <a title=\"KIOSK script for SL and CentOS\" href=\"\/make-kiosk.sh\">http:\/\/www.marcinwilk.eu\/make-kiosk.sh<\/a><\/p>\n<p>Historia zmian:<br \/>\nv 1.4 &#8211; 14.01.2016<br \/>\nHistoria przegl\u0105darki i ustawienia resetuj\u0105 si\u0119 po ka\u017cdym restarcie<br \/>\nDodano Matchbox Window Manager do obs\u0142ugi okien przegl\u0105darek w trybie pe\u0142nego ekranu<br \/>\nWy\u0142\u0105czony wygaszacz ekranu i jego wygaszanie przy bezczynno\u015bci<br \/>\nv 1.3 &#8211; 12.01.2016<br \/>\nDodano obs\u0142ug\u0119 SL\/CentOS 7<br \/>\nv 1.2 &#8211; 06.06.2014<br \/>\nDodano obs\u0142ug\u0119 SL\/CentOS 5 (dla starszych komputer\u00f3w z mniejsz\u0105 ilo\u015bci\u0105 pami\u0119ci RAM)<br \/>\nv 1.1 &#8211; 31.05.2014<br \/>\nNie wydana, brak zmian w kodzie, testowana na EL6 i Fedora 20<br \/>\nv 1.0 &#8211; 30.05.2014<br \/>\nPierwsze wydanie, testowane na Scientific Linux 6 oraz CentOS 6<\/p>\n<p>Plany na przysz\u0142o\u015b\u0107:<br \/>\n+ Doda\u0107 obs\u0142ug\u0119 drzewa 5.x (wykonano w v1.2)<br \/>\n+ Doda\u0107 obs\u0142ug\u0119 drzewa 7.x (wykonano w v1.3)<\/p>\n<p>+ Opera nie pokazuje zapytania o licencje (wykonano w v1.3)<br \/>\n+ Mniej kontroli nad Oper\u0105 przez u\u017cytkownika (wykonano w v1.3)<br \/>\n+ Doda\u0107 obs\u0142ug\u0119 flash (wykonano w v 1.2)<br \/>\n+ Doda\u0107 u\u017cytkownikom mo\u017cliwo\u015bci konfiguracji (pierwsze opcje w wersji 1.2)\n<input class=\"fooboxshare_post_id\" type=\"hidden\" value=\"538\"\/>","protected":false},"excerpt":{"rendered":"<p>Generator KIOSK dla system\u00f3w Scientific Linux oraz CentOS (w wersjach 5, 6 i 7). Stworzono na Scientific Linux. Nie by\u0142o tworzone ani testowane na dystrybucjach innych, ni\u017c SL\/CentOS\/EL! Ten skrypt zainstaluje dodatkowe pakiety i aplikacje, oraz skonfiguruje system operacyjny by dzia\u0142a\u0142 w trybie KIOS po restarcie. Zadzia\u0142a na bazowej, czystej instalacji system\u00f3w oraz tych z &hellip; <a href=\"https:\/\/www.marcinwilk.eu\/pl\/projects\/linux-scripts\/scientific-linux-and-centos-kiosk\/\" class=\"more-link\">Czytaj dalej<span class=\"screen-reader-text\"> \u201eScientific Linux and CentOS KIOSK generator\"<\/span><\/a><\/p>\n","protected":false},"author":1,"featured_media":0,"parent":1179,"menu_order":3,"comment_status":"open","ping_status":"closed","template":"","meta":{"footnotes":""},"class_list":["post-538","page","type-page","status-publish","hentry"],"_links":{"self":[{"href":"https:\/\/www.marcinwilk.eu\/pl\/wp-json\/wp\/v2\/pages\/538","targetHints":{"allow":["GET"]}}],"collection":[{"href":"https:\/\/www.marcinwilk.eu\/pl\/wp-json\/wp\/v2\/pages"}],"about":[{"href":"https:\/\/www.marcinwilk.eu\/pl\/wp-json\/wp\/v2\/types\/page"}],"author":[{"embeddable":true,"href":"https:\/\/www.marcinwilk.eu\/pl\/wp-json\/wp\/v2\/users\/1"}],"replies":[{"embeddable":true,"href":"https:\/\/www.marcinwilk.eu\/pl\/wp-json\/wp\/v2\/comments?post=538"}],"version-history":[{"count":0,"href":"https:\/\/www.marcinwilk.eu\/pl\/wp-json\/wp\/v2\/pages\/538\/revisions"}],"up":[{"embeddable":true,"href":"https:\/\/www.marcinwilk.eu\/pl\/wp-json\/wp\/v2\/pages\/1179"}],"wp:attachment":[{"href":"https:\/\/www.marcinwilk.eu\/pl\/wp-json\/wp\/v2\/media?parent=538"}],"curies":[{"name":"wp","href":"https:\/\/api.w.org\/{rel}","templated":true}]}}