{"id":16,"date":"2009-02-16T16:57:24","date_gmt":"2009-02-16T15:57:24","guid":{"rendered":"http:\/\/nicram.sytes.net\/projects\/compal-fl90-bios-disc\/"},"modified":"2020-09-12T17:03:56","modified_gmt":"2020-09-12T16:03:56","slug":"compal-fl90-bios-disc","status":"publish","type":"page","link":"https:\/\/www.marcinwilk.eu\/pl\/projects\/compal-fl90-bios-disc\/","title":{"rendered":"Compal FL90 BIOS disc"},"content":{"rendered":"\"VBI Compal FL90 BIOS disc\" to projekt po\u015bwi\u0119cony aktualizacji BIOS w komputerach przeno\u015bnych Compal model FL9X.<\/p>\n<p style=\"text-align: center;\"><a href=\"http:\/\/marcinwilk.eu\/wp-content\/2009\/02\/compal-bios.jpg\" target=\"_blank\" rel=\"noopener noreferrer\"><img loading=\"lazy\" decoding=\"async\" class=\"aligncenter size-full wp-image-131\" title=\"compal-bios\" src=\"http:\/\/marcinwilk.eu\/wp-content\/2009\/02\/compal-bios-ss.jpg\" alt=\"compal-bios\" width=\"180\" height=\"100\" \/><\/a><\/p>\n<p>Komputery te standardowo nie posiadaj\u0105 wbudowanej stacji dyskietek (co jest normalne, ma\u0142o kto z nich obecnie korzysta). Aby jednak zaktualizowa\u0107 BIOS w tym laptopie trzeba uruchomi\u0107 tryb DOS. Nie posiadanie stacji dysk\u00f3w, wymaga wi\u0119c przygotowania specjalnej p\u0142yty, kt\u00f3ra w dodatku b\u0119dzie radzi\u0142a sobie z dost\u0119pem do dysku SATA, cz\u0119sto z systemem plik\u00f3w NTFS, co zbyt \u0142atwe nie jest :)<\/p>\n<p>Dlatego te\u017c przygotowa\u0142em specjalny obraz p\u0142yty CD, kt\u00f3ry wystarczy wypali\u0107 na czystym no\u015bniku.Nast\u0119pnie mo\u017cna uruchomi\u0107 z pomoc\u0105 takiej p\u0142yty CD komputer, i ca\u0142y proces zostanie przeprowadzony automatycznie.<\/p>\n<p>Najnowsza wersja: 1.5, datowana na 18.10.2008 &#8211; BIOS w wersji 1.19 (08-06-2008 beta). Przeznaczona dla laptop\u00f3w Compal bazowanych na p\u0142ytach g\u0142\u00f3wnych IFT0X i IFL9X.<\/p>\n<p><strong><span style=\"color: #ff0000;\">UWAGA<\/span> &#8211; W wersji tej odnaleziono b\u0142\u0119dy powoduj\u0105ce niestabiln\u0105 prac\u0119 laptopa, oraz modu\u0142u VT, zaleca si\u0119 korzystanie z BIOSu w wersji 1.18, kt\u00f3ry mo\u017cna znale\u017a\u0107 poni\u017cej. &#8211; <span style=\"color: #ff0000;\">UWAGA<\/span><\/strong><\/p>\n<p>Link do stabilnej wersji: <a href=\"\/compal118.rar\">http:\/\/www.marcinwilk.eu\/compal118.rar<\/a><br \/>\nLink do wersji beta: <a href=\"\/compal119.rar\">http:\/\/www.marcinwilk.eu\/compal119.rar<\/a><\/p>\n<p>Instrukcja:<br \/>\n1. Plik skompresowany jest za pomoc\u0105 programu WinRAR 3.71 (zalecany ten lub nowszy do rozpakowania), przed nagraniem obrazu .iso na p\u0142yt\u0119, trzeba go wypakowa\u0107.<br \/>\n2. Nagra\u0107 obraz na p\u0142ycie CD (nie jako plik, ale jako obraz s\u0142u\u017c\u0105cy do nagrania, w nero 7 express b\u0119dzie to Image, Project, Copy &gt;&gt;&gt; Disc Image or saved project). P\u0142yt\u0119 zapisujemy w systemie DAO (Disc-at-once &#8211; dotyczy program\u00f3w z mo\u017cliwo\u015bci\u0105 ustawienia systemu nagrywania).<br \/>\n3. Wypi\u0105\u0107 wszystkie urz\u0105dzenia USB z port\u00f3w (mog\u0105 powodowa\u0107 wieszanie si\u0119 w czasie aktualizacji).<br \/>\n4. Zrestartowa\u0107 komputer, z p\u0142yt\u0105 w\u0142o\u017con\u0105 do nap\u0119du CD.<br \/>\n5. W momencie gdy pojawi si\u0119 logo \"Phoenix\" Nacisn\u0105\u0107 i przytrzyma\u0107 F12 do pojawienia si\u0119 menu wyboru dysku startowego.<br \/>\n6. Z menu wybra\u0107 nap\u0119d DVD.<br \/>\n7. Na ekranie mo\u017ce pojawi\u0107 si\u0119 komunikat (Press any key to boot from CD) &#8211; wtedy nale\u017cy nacisn\u0105\u0107 spacje.<br \/>\n8. P\u0142ytka wystartuje, nale\u017cy post\u0119powa\u0107 zgodnie z instrukcj\u0105 na ekranie.<br \/>\n9. Po aktualizacji BIOS laptop si\u0119 wy\u0142\u0105czy, prosz\u0119 go nie rusza\u0107, do momentu a\u017c sam wystartuje (po oko\u0142o 20 sekundach).<\/p>\n<p>Historia:<br \/>\n1.5, 18.10.2008 &#8211; BIOS wersja 1.19 beta, zmiana systemu operacyjnego na FreeDOS, omini\u0119cie wykorzystywania nap\u0119du CD jako \u017ar\u00f3d\u0142a danych aktualizacji przez sterownik \u015brodowiska DOS (dzi\u0119ki temu dzia\u0142a z nap\u0119dami PATA i SATA) ( <a href=\"\/compal119.rar\">http:\/\/www.itos.pl\/download\/compal119.rar<\/a> ) <strong><span style=\"color: #ff0000;\">NIE ZALECANA<\/span><\/strong><br \/>\n1.4.1, 17.02.2009 &#8211; BIOS wersja 1.18, zmiana systemu na FreeDOS jak w wersji 1.5 paczki, ale bazowane na starszym, stabilnym systemie BIOS ( <a href=\"\/compal118.rar\">http:\/\/www.marcinwilk.eu\/compal118.rar<\/a> ) <span style=\"color: #00ff00;\"><strong>ZALECANA<\/strong><\/span><br \/>\n1.4, 10.09.2008 &#8211; BIOS wersja 1.18 ( nie dost\u0119pna )<br \/>\n1.3, 23.01.2008 &#8211; BIOS wersja 1.16 ( nie dost\u0119pna )<br \/>\n1.2, 27.10.2007 &#8211; BIOS wersja 1.13 ( nie dost\u0119pna )<br \/>\n1.1, 21.09.2007 &#8211; Poprawiono kilka b\u0142\u0119d\u00f3w ( nie dost\u0119pna )<br \/>\n1.0, 20.09.2007 &#8211; Pierwsze wydanie ( nigdy nie publikowana )\n<input class=\"fooboxshare_post_id\" type=\"hidden\" value=\"16\"\/>","protected":false},"excerpt":{"rendered":"<p>\"VBI Compal FL90 BIOS disc\" to projekt po\u015bwi\u0119cony aktualizacji BIOS w komputerach przeno\u015bnych Compal model FL9X. Komputery te standardowo nie posiadaj\u0105 wbudowanej stacji dyskietek (co jest normalne, ma\u0142o kto z nich obecnie korzysta). Aby jednak zaktualizowa\u0107 BIOS w tym laptopie trzeba uruchomi\u0107 tryb DOS. Nie posiadanie stacji dysk\u00f3w, wymaga wi\u0119c przygotowania specjalnej p\u0142yty, kt\u00f3ra w &hellip; <a href=\"https:\/\/www.marcinwilk.eu\/pl\/projects\/compal-fl90-bios-disc\/\" class=\"more-link\">Czytaj dalej<span class=\"screen-reader-text\"> \u201eCompal FL90 BIOS disc\"<\/span><\/a><\/p>\n","protected":false},"author":1,"featured_media":0,"parent":13,"menu_order":1,"comment_status":"open","ping_status":"closed","template":"","meta":{"footnotes":""},"class_list":["post-16","page","type-page","status-publish","hentry"],"_links":{"self":[{"href":"https:\/\/www.marcinwilk.eu\/pl\/wp-json\/wp\/v2\/pages\/16","targetHints":{"allow":["GET"]}}],"collection":[{"href":"https:\/\/www.marcinwilk.eu\/pl\/wp-json\/wp\/v2\/pages"}],"about":[{"href":"https:\/\/www.marcinwilk.eu\/pl\/wp-json\/wp\/v2\/types\/page"}],"author":[{"embeddable":true,"href":"https:\/\/www.marcinwilk.eu\/pl\/wp-json\/wp\/v2\/users\/1"}],"replies":[{"embeddable":true,"href":"https:\/\/www.marcinwilk.eu\/pl\/wp-json\/wp\/v2\/comments?post=16"}],"version-history":[{"count":0,"href":"https:\/\/www.marcinwilk.eu\/pl\/wp-json\/wp\/v2\/pages\/16\/revisions"}],"up":[{"embeddable":true,"href":"https:\/\/www.marcinwilk.eu\/pl\/wp-json\/wp\/v2\/pages\/13"}],"wp:attachment":[{"href":"https:\/\/www.marcinwilk.eu\/pl\/wp-json\/wp\/v2\/media?parent=16"}],"curies":[{"name":"wp","href":"https:\/\/api.w.org\/{rel}","templated":true}]}}