{"id":116,"date":"2009-03-01T17:14:46","date_gmt":"2009-03-01T16:14:46","guid":{"rendered":"http:\/\/nicram.sytes.net\/?page_id=116"},"modified":"2022-04-05T15:05:23","modified_gmt":"2022-04-05T14:05:23","slug":"friends-sites","status":"publish","type":"page","link":"https:\/\/www.marcinwilk.eu\/pl\/friends-sites\/","title":{"rendered":"Strony przyjaci\u00f3\u0142"},"content":{"rendered":"Tutaj umie\u015bci\u0142em odno\u015bniki do stron moich znajomych :)<\/p>\n<p>Bogusia :: <a href=\"https:\/\/www.psychoterapia-ziebinska.pl\/\" target=\"_blank\" rel=\"noopener\">https:\/\/www.psychoterapia-ziebinska.pl\/<\/a><br \/>\nAdam :: <a href=\"https:\/\/maadraim.itos.pl\/\" target=\"_blank\" rel=\"noopener noreferrer\">https:\/\/maadraim.itos.pl\/<\/a><br \/>\nHarmer :: <a href=\"http:\/\/www.harmer.pl\/\" target=\"_blank\" rel=\"noopener noreferrer\">http:\/\/www.harmer.pl\/<\/a><br \/>\npiekielny :: <a href=\"http:\/\/pi3.com.pl\/\" target=\"_blank\" rel=\"noopener noreferrer\">http:\/\/pi3.com.pl\/<\/a><br \/>\nCrAhKeR :: <a href=\"http:\/\/www.pasternok.org\/\" target=\"_blank\" rel=\"noopener noreferrer\">http:\/\/www.pasternok.org\/<\/a><br \/>\nAdrian Kajda :: <a href=\"http:\/\/kajda.com\/\" target=\"_blank\" rel=\"noopener noreferrer\">http:\/\/kajda.com\/<\/a><br \/>\nBartosz Wo\u017any :: http:\/\/www.bartoszwozny.com\/<br \/>\nEggy :: <a href=\"http:\/\/www.eggy.arrakis.pl\/\" target=\"_blank\" rel=\"noopener noreferrer\">http:\/\/www.eggy.arrakis.pl\/<\/a><br \/>\nbalois :: <a href=\"http:\/\/www.duchprawdy.com\/krzyze.htm\" target=\"_blank\" rel=\"noopener noreferrer\">http:\/\/www.duchprawdy.com\/krzyze.htm<\/a><br \/>\nRoGaL :: <a href=\"http:\/\/www.rogal.com.pl\/\" target=\"_blank\" rel=\"noopener noreferrer\">http:\/\/www.rogal.com.pl\/<\/a><\/p>\n<p><a href=\"http:\/\/www.radiomaryja.pl\/\" target=\"_blank\" rel=\"noopener noreferrer\">Siedziba Szatana<\/a>\n<input class=\"fooboxshare_post_id\" type=\"hidden\" value=\"116\"\/>","protected":false},"excerpt":{"rendered":"<p>Tutaj umie\u015bci\u0142em odno\u015bniki do stron moich znajomych :) Bogusia :: https:\/\/www.psychoterapia-ziebinska.pl\/ Adam :: https:\/\/maadraim.itos.pl\/ Harmer :: http:\/\/www.harmer.pl\/ piekielny :: http:\/\/pi3.com.pl\/ CrAhKeR :: http:\/\/www.pasternok.org\/ Adrian Kajda :: http:\/\/kajda.com\/ Bartosz Wo\u017any :: http:\/\/www.bartoszwozny.com\/ Eggy :: http:\/\/www.eggy.arrakis.pl\/ balois :: http:\/\/www.duchprawdy.com\/krzyze.htm RoGaL :: http:\/\/www.rogal.com.pl\/ Siedziba Szatana<\/p>\n","protected":false},"author":1,"featured_media":0,"parent":0,"menu_order":0,"comment_status":"closed","ping_status":"closed","template":"","meta":{"footnotes":""},"class_list":["post-116","page","type-page","status-publish","hentry"],"_links":{"self":[{"href":"https:\/\/www.marcinwilk.eu\/pl\/wp-json\/wp\/v2\/pages\/116","targetHints":{"allow":["GET"]}}],"collection":[{"href":"https:\/\/www.marcinwilk.eu\/pl\/wp-json\/wp\/v2\/pages"}],"about":[{"href":"https:\/\/www.marcinwilk.eu\/pl\/wp-json\/wp\/v2\/types\/page"}],"author":[{"embeddable":true,"href":"https:\/\/www.marcinwilk.eu\/pl\/wp-json\/wp\/v2\/users\/1"}],"replies":[{"embeddable":true,"href":"https:\/\/www.marcinwilk.eu\/pl\/wp-json\/wp\/v2\/comments?post=116"}],"version-history":[{"count":0,"href":"https:\/\/www.marcinwilk.eu\/pl\/wp-json\/wp\/v2\/pages\/116\/revisions"}],"wp:attachment":[{"href":"https:\/\/www.marcinwilk.eu\/pl\/wp-json\/wp\/v2\/media?parent=116"}],"curies":[{"name":"wp","href":"https:\/\/api.w.org\/{rel}","templated":true}]}}