{"id":1021,"date":"2020-09-17T19:25:07","date_gmt":"2020-09-17T18:25:07","guid":{"rendered":"https:\/\/www.marcinwilk.eu\/?page_id=1021"},"modified":"2022-06-20T20:03:26","modified_gmt":"2022-06-20T19:03:26","slug":"el-8-lamp","status":"publish","type":"page","link":"https:\/\/www.marcinwilk.eu\/pl\/projects\/linux-scripts\/el-8-lamp\/","title":{"rendered":"EL 8 LAMP"},"content":{"rendered":"LAMP to Linux Apache MySQL PHP, a wi\u0119c podstawowy pakiet oprogramowania potrzebny do uruchomienia strony www.<\/p>\n<p>Poni\u017cszy skrypt powoduje zainstalowanie i wst\u0119pn\u0105 prost\u0105 konfiguracj\u0119 oprogramowania z grupy LAMP, dzi\u0119ki czemu mo\u017cemy uruchomi\u0107 stron\u0119 www na swoim serwerze. Skrypt przygotowany zosta\u0142 do dzia\u0142ania na czystej instalacji systemu operacyjnego EL 8 (RockyLinux, CentOS, RHEL).<\/p>\n<p>Link do skryptu: <a href=\"\/centos-lamp.sh\">centos-lamp.sh<\/a><\/p>\n<p>Aby pobra\u0107 i uruchomi\u0107 skrypt wykonaj poni\u017csz\u0105 komend\u0119 w oknie terminala:<\/p>\n<pre># dnf -y install wget ; wget marcinwilk.eu\/centos-lamp.sh ; chmod +x centos-lamp.sh ; .\/centos-lamp.sh<\/pre>\n<p>Skrypt zainstaluje: Apache lub nginx, PHP 7.4.10 (jako standardowa wersja systemu lub niezale\u017cny zestaw z repo REMI), oraz MariaDB (z repo MariaDB lub repo CentOS). Istnieje mo\u017cliwo\u015b\u0107 skonfigurowania co ma by\u0107 zainstalowane poprzez edycj\u0119 skryptu.<\/p>\n<p>Historia zmian:<br \/>\nv 1.2 &#8211; 09.06.2021<br \/>\nU\u017cyj MariaDB z OS repo jako domy\u015blnego \u017ar\u00f3d\u0142a instalacji.<br \/>\nNaprawiono niekt\u00f3re instalatory PowerTools (nazwa zosta\u0142a zmieniona w repozytoriach).<br \/>\nWst\u0119pna integracja Let's Encrypt certbot (SSL).<br \/>\nPrzetestowane na RockyLinux 8!<br \/>\nPrzetestowane na RHEL 8!<br \/>\nv 1.1 &#8211; 17.09.2020<br \/>\nPoka\u017c podsumowanie.<br \/>\nAdminer jest u\u017cywany jako domy\u015blny panel administracyjny bazy danych.<br \/>\nDodanie pliku phpdet.php w celu sprawdzenia, czy PHP dzia\u0142a.<br \/>\nDodanie vsftpd jako serwera FTP.<br \/>\nv 1.0 &#8211; 14.09.2020<br \/>\nPierwsza wersja, testowana na CentOS 8.\n<input class=\"fooboxshare_post_id\" type=\"hidden\" value=\"1021\"\/>","protected":false},"excerpt":{"rendered":"<p>LAMP to Linux Apache MySQL PHP, a wi\u0119c podstawowy pakiet oprogramowania potrzebny do uruchomienia strony www. Poni\u017cszy skrypt powoduje zainstalowanie i wst\u0119pn\u0105 prost\u0105 konfiguracj\u0119 oprogramowania z grupy LAMP, dzi\u0119ki czemu mo\u017cemy uruchomi\u0107 stron\u0119 www na swoim serwerze. Skrypt przygotowany zosta\u0142 do dzia\u0142ania na czystej instalacji systemu operacyjnego EL 8 (RockyLinux, CentOS, RHEL). Link do skryptu: &hellip; <a href=\"https:\/\/www.marcinwilk.eu\/pl\/projects\/linux-scripts\/el-8-lamp\/\" class=\"more-link\">Czytaj dalej<span class=\"screen-reader-text\"> \u201eEL 8 LAMP\"<\/span><\/a><\/p>\n","protected":false},"author":1,"featured_media":0,"parent":1179,"menu_order":1,"comment_status":"open","ping_status":"closed","template":"","meta":{"footnotes":""},"class_list":["post-1021","page","type-page","status-publish","hentry"],"_links":{"self":[{"href":"https:\/\/www.marcinwilk.eu\/pl\/wp-json\/wp\/v2\/pages\/1021","targetHints":{"allow":["GET"]}}],"collection":[{"href":"https:\/\/www.marcinwilk.eu\/pl\/wp-json\/wp\/v2\/pages"}],"about":[{"href":"https:\/\/www.marcinwilk.eu\/pl\/wp-json\/wp\/v2\/types\/page"}],"author":[{"embeddable":true,"href":"https:\/\/www.marcinwilk.eu\/pl\/wp-json\/wp\/v2\/users\/1"}],"replies":[{"embeddable":true,"href":"https:\/\/www.marcinwilk.eu\/pl\/wp-json\/wp\/v2\/comments?post=1021"}],"version-history":[{"count":0,"href":"https:\/\/www.marcinwilk.eu\/pl\/wp-json\/wp\/v2\/pages\/1021\/revisions"}],"up":[{"embeddable":true,"href":"https:\/\/www.marcinwilk.eu\/pl\/wp-json\/wp\/v2\/pages\/1179"}],"wp:attachment":[{"href":"https:\/\/www.marcinwilk.eu\/pl\/wp-json\/wp\/v2\/media?parent=1021"}],"curies":[{"name":"wp","href":"https:\/\/api.w.org\/{rel}","templated":true}]}}