{"id":102,"date":"2009-02-20T23:06:04","date_gmt":"2009-02-20T22:06:04","guid":{"rendered":"http:\/\/nicram.sytes.net\/?page_id=102"},"modified":"2021-05-03T09:38:01","modified_gmt":"2021-05-03T08:38:01","slug":"other","status":"publish","type":"page","link":"https:\/\/www.marcinwilk.eu\/pl\/projects\/other\/","title":{"rendered":"Inne"},"content":{"rendered":"Poni\u017cej jest lista projekt\u00f3w, kt\u00f3re zosta\u0142y ju\u017c zrobione, nie wymaga\u0142y aktualizacji, lub by\u0142y zbyt proste aby przygotowa\u0107 dla nich osobn\u0105 stron\u0119.<\/p>\n<p><strong>Pentagram Monster Forum<\/strong> (2013-2019) :: Forum\/strona zawieraj\u0105ca opis, zdj\u0119cia, problemy i ich rozwi\u0105zania dla telefonu Pentagram Monster P430-1. ( http:\/\/monster.itos.pl\/ )<\/p>\n<p><strong>Nokia C3<\/strong> (2010\/2011) :: Strona zawieraj\u0105ca opis, zdj\u0119cia, problemy i ich rozwi\u0105zania dla telefonu Nokia C3. ( <a title=\"Nokia C3\" href=\"http:\/\/nokia-c3.itos.pl\/\" target=\"_blank\" rel=\"noopener\">http:\/\/nokia-c3.itos.pl\/<\/a> )<\/p>\n<p><strong>petycja.zgorzelec.info<\/strong> (2004\/projekt) :: System petycyjny, kt\u00f3ry w za\u0142o\u017ceniu ma u\u0142atwia\u0107 Mieszka\u0144com miasta Zgorzelec (w kt\u00f3rym \u017cyj\u0119) poleca\u0107 zmiany, jakie powinny zosta\u0107 wykonane od strony w\u0142adz miasta. ( http:\/\/petycja.zgorzelec.info\/ )<\/p>\n<p><strong>#katedra<\/strong> (poza czasem) :: Katedra wcze\u015bniej nosi\u0142a miano #hack_pl. Jest to spo\u0142eczno\u015b\u0107 nie ukierunkowana w \u017caden konkretny spos\u00f3b, po\u0142\u0105czona nici\u0105 przyja\u017ani i kole\u017censtwa :) IRCowe codzienne pogaw\u0119dki umilaj\u0105 wsp\u00f3lne zloty i spotkania na \u017cywo :) ( <a href=\"http:\/\/katedra.de\/\" target=\"_blank\" rel=\"noopener\">http:\/\/katedra.de\/<\/a> )<\/p>\n<p><strong>#zajebioza<\/strong> (2002-2005?) :: Kolejna spo\u0142eczno\u015b\u0107 wywodz\u0105ca si\u0119 z IRCa :) Wi\u0119kszo\u015b\u0107 ludzi pochodzi z Cz\u0119stochowy. I musz\u0119 przyzna\u0107 \u017ce osoby z tych okolic wydaj\u0105 si\u0119 do\u015b\u0107 otwarte i przyjazne.. W ramach mojego wsp\u00f3\u0142tworzenia tej spo\u0142eczno\u015bci stworzy\u0142em stron\u0119 kana\u0142u :) ( <a href=\"http:\/\/www.marcinwilk.eu\/projekty\/zajebioza\/\">http:\/\/www.marcinwilk.eu\/projekty\/zajebioza\/<\/a> )<\/p>\n<p><strong>Kurier-Powiatowy<\/strong> (2001\/projekt) :: Wykonana przeze mnie strona magazynu \"Kurier Powiatowy\". Z tego co zauwa\u017cy\u0142em ze wzgl\u0119du na brak wiedzy ze strony magazynu zosta\u0142a zmieniona :) ( http:\/\/www.marcinwilk.eu\/projekty\/kurier\/ ).<\/p>\n<p><strong>Laboratorium Nicram Graphics<\/strong> (1998) :: Swego czasu postanowi\u0142em opublikowa\u0107 troch\u0119 wynik\u00f3w test\u00f3w, kt\u00f3re co jaki\u015b czas wykonuje na r\u00f3\u017cnym sprz\u0119cie komputerowym. Wyniki mo\u017cna znale\u017a\u0107 tutaj ( http:\/\/www.ng.3d.pl\/lab\/ ) :)<br \/>\n&#8212;&#8212;&#8212;&#8212;&#8212;&#8212;&#8212;&#8212;&#8212;&#8212;&#8212;&#8212;&#8212;&#8212;&#8212;&#8212;&#8212;&#8212;&#8212;&#8212;&#8212;&#8212;-<\/p>\n<p><a href=\"http:\/\/www.marcinwilk.eu\/marvin.zip\">marvin.zip<\/a> :: Wraz z zakupem monitora Marvin MultiScan EX5G postanowi\u0142em \u017ce przygotuje sobie do niego sterownik aby m\u00f3c korzysta\u0107 z pe\u0142ni mo\u017cliwo\u015bci monitora. Sterownik obs\u0142uguje modele 7G, 7P, EX7SE, 7SP, EX5G, 5P.<\/p>\n<p><a href=\"http:\/\/www.marcinwilk.eu\/cinepakinst.exe\">cinepakinst.exe<\/a> :: Kodek wideo Cinepak (CTi). Przygotowa\u0142em wersj\u0119 instalacyjn\u0105 ze wzgl\u0119du na brak tego popularnego kodeka w systemie Windows 2003 (moja wersja wzbogacona zosta\u0142a tak\u017ce o mo\u017cliwo\u015bci odinstalowania kodeka).<\/p>\n<p>&#8212;&#8212;&#8212;&#8212;&#8212;&#8212;&#8212;&#8212;&#8212;&#8212;&#8212;&#8212;&#8212;&#8212;&#8212;&#8212;&#8212;&#8212;&#8212;&#8212;&#8212;&#8212;-<\/p>\n<p><strong>Create-soundtrack.com<\/strong> (oko\u0142o xx.10.2006) :: Serwis s\u0142u\u017c\u0105cy promowaniu tw\u00f3rczo\u015bci muzyk\u00f3w zajmuj\u0105cych si\u0119 tworzeniem do film\u00f3w, gier itp Zajmowa\u0142em si\u0119 administracj\u0105 serwisu i jego stworzeniem. Po okolo p\u00f3\u0142tora roku projekt zosta\u0142 zatrzymany. ( http:\/\/create-soundtrack.com\/ )<\/p>\n<p><strong>Lunaris<\/strong> (1999-2016) :: M\u00f3j komputer, kt\u00f3ry s\u0142u\u017cy mi do mocnych test\u00f3w. Czasami zdarza mi si\u0119 testuj\u0105c co\u015b uruchomi\u0107 serwis WWW czy inne. Prosz\u0119 o nie nastawianie si\u0119 na du\u017ce szybko\u015bci, posiadam jedynie skromne \u0142\u0105cze DSL :) ( http:\/\/lunaris.sytes.net\/ )\n<input class=\"fooboxshare_post_id\" type=\"hidden\" value=\"102\"\/>","protected":false},"excerpt":{"rendered":"<p>Poni\u017cej jest lista projekt\u00f3w, kt\u00f3re zosta\u0142y ju\u017c zrobione, nie wymaga\u0142y aktualizacji, lub by\u0142y zbyt proste aby przygotowa\u0107 dla nich osobn\u0105 stron\u0119. Pentagram Monster Forum (2013-2019) :: Forum\/strona zawieraj\u0105ca opis, zdj\u0119cia, problemy i ich rozwi\u0105zania dla telefonu Pentagram Monster P430-1. ( http:\/\/monster.itos.pl\/ ) Nokia C3 (2010\/2011) :: Strona zawieraj\u0105ca opis, zdj\u0119cia, problemy i ich rozwi\u0105zania dla &hellip; <a href=\"https:\/\/www.marcinwilk.eu\/pl\/projects\/other\/\" class=\"more-link\">Czytaj dalej<span class=\"screen-reader-text\"> \u201eInne\"<\/span><\/a><\/p>\n","protected":false},"author":1,"featured_media":0,"parent":13,"menu_order":4,"comment_status":"open","ping_status":"closed","template":"","meta":{"footnotes":""},"class_list":["post-102","page","type-page","status-publish","hentry"],"_links":{"self":[{"href":"https:\/\/www.marcinwilk.eu\/pl\/wp-json\/wp\/v2\/pages\/102","targetHints":{"allow":["GET"]}}],"collection":[{"href":"https:\/\/www.marcinwilk.eu\/pl\/wp-json\/wp\/v2\/pages"}],"about":[{"href":"https:\/\/www.marcinwilk.eu\/pl\/wp-json\/wp\/v2\/types\/page"}],"author":[{"embeddable":true,"href":"https:\/\/www.marcinwilk.eu\/pl\/wp-json\/wp\/v2\/users\/1"}],"replies":[{"embeddable":true,"href":"https:\/\/www.marcinwilk.eu\/pl\/wp-json\/wp\/v2\/comments?post=102"}],"version-history":[{"count":0,"href":"https:\/\/www.marcinwilk.eu\/pl\/wp-json\/wp\/v2\/pages\/102\/revisions"}],"up":[{"embeddable":true,"href":"https:\/\/www.marcinwilk.eu\/pl\/wp-json\/wp\/v2\/pages\/13"}],"wp:attachment":[{"href":"https:\/\/www.marcinwilk.eu\/pl\/wp-json\/wp\/v2\/media?parent=102"}],"curies":[{"name":"wp","href":"https:\/\/api.w.org\/{rel}","templated":true}]}}